{"id":1116,"date":"2019-02-16T10:26:26","date_gmt":"2019-02-16T09:26:26","guid":{"rendered":"http:\/\/tvflein.web7.s307.goserver.host\/2019\/?page_id=1116"},"modified":"2026-03-09T07:49:26","modified_gmt":"2026-03-09T06:49:26","slug":"mitgliedsbeitraege","status":"publish","type":"page","link":"https:\/\/tvflein.de\/?page_id=1116","title":{"rendered":"Mitgliedsbeitr\u00e4ge"},"content":{"rendered":"<div class=\"wpb-content-wrapper\"><p>[vc_row bg_image_position=&#8221;bg-image-ps-top&#8221; css=&#8221;.vc_custom_1550589173308{padding-top: 130px !important;padding-bottom: 60px !important;background-position: center !important;background-repeat: no-repeat !important;background-size: contain !important;}&#8221;][vc_column][vc_row_inner][vc_column_inner][ct_heading text=&#8221;Beitr\u00e4ge&#8221; font_size_md=&#8221;48&#8243; font_size_sm=&#8221;36&#8243; font_size_xs=&#8221;32&#8243; font_weight=&#8221;&#8221; subtitle=&#8221;Mitgliedschaft im TV FLein&#8221; margin_bottom=&#8221;72&#8243;][vc_btn title=&#8221;Beitr\u00e4ge als PDF Datei&#8221; style=&#8221;classic&#8221; color=&#8221;green&#8221; size=&#8221;sm&#8221; align=&#8221;left&#8221; i_icon_fontawesome=&#8221;fas fa-exclamation&#8221; css=&#8221;&#8221; add_icon=&#8221;true&#8221; link=&#8221;url:https%3A%2F%2Ftvflein.de%2Fwp-content%2Fuploads%2F2026%2F03%2FBeitragsordnung-2026.pdf|target:_blank&#8221;][vc_column_text css_animation=&#8221;none&#8221; css=&#8221;.vc_custom_1772443458601{margin-bottom: 64px !important;}&#8221; el_class=&#8221;text-block&#8221;]<\/p>\n<h3>J\u00e4hrlicher Vereinsbeitrag<\/h3>\n<div class=\"table-responsive\">\n<table width=\"100%\">\n<tbody>\n<tr>\n<td>Kinder und Jugendliche unter 18 Jahren<\/td>\n<td style=\"text-align: right;\">50,00 \u20ac<\/td>\n<\/tr>\n<tr>\n<td>Erwachsene<\/td>\n<td style=\"text-align: right;\">85,00 \u20ac<\/td>\n<\/tr>\n<tr>\n<td>Familien (Eheleute und minderj\u00e4hrige Kinder)<\/td>\n<td style=\"text-align: right;\">120,00 \u20ac<\/td>\n<\/tr>\n<tr>\n<td>Sonderbeitrag (vollj\u00e4hrige Mitglieder in Ausbildung usw. auf Antrag und \u00fcber 65-J\u00e4hrige)<\/td>\n<td style=\"text-align: right;\">50,00 \u20ac<\/td>\n<\/tr>\n<tr>\n<td>Zuschlag bei Rechnungszahlern<\/td>\n<td style=\"text-align: right;\">10,00 \u20ac<\/td>\n<\/tr>\n<tr>\n<td>Mahngeb\u00fchr<\/td>\n<td style=\"text-align: right;\">10,00 \u20ac<\/td>\n<\/tr>\n<\/tbody>\n<\/table>\n<\/div>\n<p>[\/vc_column_text][vc_column_text css_animation=&#8221;none&#8221; css=&#8221;.vc_custom_1615456075303{margin-bottom: 64px !important;}&#8221; el_class=&#8221;text-block&#8221;]<\/p>\n<div class=\"table-responsive\">\n<h3>Abteilungsbeitrag Fu\u00dfball<\/h3>\n<table width=\"100%\">\n<tbody>\n<tr>\n<td>Kinder und Jugendliche<\/td>\n<td style=\"text-align: right;\">60,00 \u20ac<\/td>\n<\/tr>\n<tr>\n<td>Erwachsene<\/td>\n<td style=\"text-align: right;\">60,00 \u20ac<\/td>\n<\/tr>\n<tr>\n<td>Mehrere Personen aus einer Familie<\/td>\n<td style=\"text-align: right;\">100,00 \u20ac<\/td>\n<\/tr>\n<tr>\n<td>Sonderbeitrag (vollj\u00e4hrige Mitglieder bis 35 Jahre in Ausbildung usw. auf Antrag)<\/td>\n<td style=\"text-align: right;\">50,00 \u20ac<\/td>\n<\/tr>\n<\/tbody>\n<\/table>\n<\/div>\n<p>[\/vc_column_text][vc_column_text css_animation=&#8221;none&#8221; css=&#8221;.vc_custom_1550309143240{margin-bottom: 64px !important;}&#8221; el_class=&#8221;text-block&#8221;]<\/p>\n<h3>Abteilungsbeitrag Handball<\/h3>\n<table width=\"100%\">\n<tbody>\n<tr>\n<td>Kinder und Jugendliche unter 18 Jahren f\u00fcr das 1. Kind<\/td>\n<td style=\"text-align: right;\">60,00\u00a0\u20ac<\/td>\n<\/tr>\n<tr>\n<td>Erwachsene<\/td>\n<td style=\"text-align: right;\">35,00\u00a0\u20ac<\/td>\n<\/tr>\n<tr>\n<td>Familien (Eheleute und minderj\u00e4hrige Kinder)<\/td>\n<td style=\"text-align: right;\">60,00\u00a0\u20ac<\/td>\n<\/tr>\n<tr>\n<td>Sonderbeitrag (vollj\u00e4hrige Mitglieder in Ausbildung usw. auf Antrag und \u00fcber 65-J\u00e4hrige)<\/td>\n<td style=\"text-align: right;\">20,00\u00a0\u20ac<\/td>\n<\/tr>\n<\/tbody>\n<\/table>\n<p>[\/vc_column_text][vc_column_text css_animation=&#8221;none&#8221; css=&#8221;.vc_custom_1739909307543{margin-bottom: 64px !important;}&#8221; el_class=&#8221;text-block&#8221;]<\/p>\n<h3>Abteilungsbeitrag Judo<\/h3>\n<table width=\"100%\">\n<tbody>\n<tr>\n<td>Kinder und Jugendliche<\/td>\n<td style=\"text-align: right;\">30,00 \u20ac<\/td>\n<\/tr>\n<tr>\n<td>Erwachsene<\/td>\n<td style=\"text-align: right;\">45,00 \u20ac<\/td>\n<\/tr>\n<tr>\n<td>Familien<\/td>\n<td style=\"text-align: right;\">50,00 \u20ac<\/td>\n<\/tr>\n<tr>\n<td>Sonderbeitrag (vollj\u00e4hrige Mitglieder in Ausbildung usw. auf Antrag und \u00fcber 65-J\u00e4hrige)<\/td>\n<td style=\"text-align: right;\">30,00 \u20ac<\/td>\n<\/tr>\n<\/tbody>\n<\/table>\n<p>[\/vc_column_text][vc_column_text css_animation=&#8221;none&#8221; css=&#8221;.vc_custom_1772443495980{margin-bottom: 64px !important;}&#8221; el_class=&#8221;text-block&#8221;]<\/p>\n<h3>Abteilungsbeitrag Leichtathletik<\/h3>\n<table width=\"100%\">\n<tbody>\n<tr>\n<td>Kinder und Jugendliche<\/td>\n<td style=\"text-align: right;\">40,00 \u20ac<\/td>\n<\/tr>\n<\/tbody>\n<\/table>\n<p>[\/vc_column_text][vc_column_text css_animation=&#8221;none&#8221; css=&#8221;.vc_custom_1773038963449{margin-bottom: 64px !important;}&#8221; el_class=&#8221;text-block&#8221;]<\/p>\n<h3>Abteilungsbeitrag Turnen<\/h3>\n<table width=\"100%\">\n<tbody>\n<tr>\n<td>Kinderturnen (bei Aufnahme in die betreffende Gruppe &#8211; regelm\u00e4\u00dfig nach den Sommerferien)<\/td>\n<td style=\"text-align: right;\">45,00 \u20ac<\/td>\n<\/tr>\n<tr>\n<td>Damen-Gymnastikgruppen<\/td>\n<td style=\"text-align: right;\">70,00 \u20ac<\/td>\n<\/tr>\n<tr>\n<td>Spezielle Angebote<\/td>\n<td style=\"text-align: right;\">Kursgeb\u00fchren<\/td>\n<\/tr>\n<\/tbody>\n<\/table>\n<p>[\/vc_column_text][vc_empty_space height=&#8221;32&#8243;][vc_btn title=&#8221;Beitragsordnung als PDF&#8221; style=&#8221;classic&#8221; color=&#8221;green&#8221; size=&#8221;lg&#8221; align=&#8221;center&#8221; css=&#8221;&#8221; link=&#8221;url:https%3A%2F%2Ftvflein.de%2Fwp-content%2Fuploads%2F2025%2F03%2FBeitragsordnung-TV-Flein-2025.pdf|target:_blank&#8221;][\/vc_column_inner][\/vc_row_inner][\/vc_column][\/vc_row][vc_row full_width=&#8221;stretch_row&#8221; parallax=&#8221;content-moving&#8221; parallax_image=&#8221;924&#8243; ct_row_class=&#8221;row-bg-gradient-overlay&#8221; el_class=&#8221;z-index-0&#8243;][vc_column css=&#8221;.vc_custom_1549385029360{padding-top: 160px !important;padding-bottom: 160px !important;}&#8221;][ct_heading text=&#8221;Mitgliederverwaltung&#8221; align_lg=&#8221;align-center&#8221; align_md=&#8221;align-center-md&#8221; align_sm=&#8221;align-center-sm&#8221; align_xs=&#8221;align-center-xs&#8221; font_size_md=&#8221;48&#8243; font_size_sm=&#8221;36&#8243; font_size_xs=&#8221;32&#8243; font_weight=&#8221;&#8221; text_color=&#8221;#ffffff&#8221; subtitle=&#8221;Ansprechpartner&#8221; subtitle_color=&#8221;#ffffff&#8221;][vc_row_inner equal_height=&#8221;yes&#8221; content_placement=&#8221;middle&#8221; css=&#8221;.vc_custom_1549707039036{margin-top: 36px !important;}&#8221;][vc_column_inner width=&#8221;2\/12&#8243;][\/vc_column_inner][vc_column_inner width=&#8221;1\/3&#8243; css=&#8221;.vc_custom_1549707156194{background-color: #ffffff !important;}&#8221; offset=&#8221;vc_col-sm-offset-0 vc_col-xs-offset-1 vc_col-xs-10&#8243;][vc_single_image image=&#8221;1009&#8243; alignment=&#8221;center&#8221; css=&#8221;.vc_custom_1550309290247{padding-right: 72px !important;padding-left: 72px !important;}&#8221;][\/vc_column_inner][vc_column_inner width=&#8221;1\/3&#8243; css=&#8221;.vc_custom_1549707163343{padding-top: 36px !important;padding-bottom: 36px !important;background-color: #ffffff !important;}&#8221; offset=&#8221;vc_col-sm-offset-0 vc_col-xs-offset-1 vc_col-xs-10&#8243;][vc_column_text css_animation=&#8221;fadeInRight&#8221; el_class=&#8221;text-block&#8221;]<strong>Heike Vogel<\/strong><br \/>\nHeilbronner Str. 13<br \/>\n74223 Flein<\/p>\n<p>Tel. 07131 579623<br \/>\ndienstags 13:30-15:30 Uhr<br \/>\n(sonst Anrufbeantworter)<br \/>\nFax 07131 5891025<br \/>\nE-Mail <a href=\"mailto:vogel@tvflein.de\">vogel@tvflein.de<\/a>[\/vc_column_text][\/vc_column_inner][vc_column_inner width=&#8221;2\/12&#8243;][\/vc_column_inner][\/vc_row_inner][\/vc_column][\/vc_row][vc_row][vc_column][\/vc_column][\/vc_row]<\/p>\n<\/div>","protected":false},"excerpt":{"rendered":"<p>[vc_row bg_image_position=&#8221;bg-image-ps-top&#8221; css=&#8221;.vc_custom_1550589173308{padding-top: 130px !important;padding-bottom: 60px !important;background-position: center !important;background-repeat: no-repeat !important;background-size: contain !important;}&#8221;][vc_column][vc_row_inner][vc_column_inner][ct_heading text=&#8221;Beitr\u00e4ge&#8221; font_size_md=&#8221;48&#8243; font_size_sm=&#8221;36&#8243; font_size_xs=&#8221;32&#8243; font_weight=&#8221;&#8221; subtitle=&#8221;Mitgliedschaft im TV FLein&#8221; margin_bottom=&#8221;72&#8243;][vc_btn title=&#8221;Beitr\u00e4ge als PDF Datei&#8221; style=&#8221;classic&#8221; color=&#8221;green&#8221; size=&#8221;sm&#8221; align=&#8221;left&#8221; i_icon_fontawesome=&#8221;fas fa-exclamation&#8221; css=&#8221;&#8221; add_icon=&#8221;true&#8221; link=&#8221;url:https%3A%2F%2Ftvflein.de%2Fwp-content%2Fuploads%2F2026%2F03%2FBeitragsordnung-2026.pdf|target:_blank&#8221;][vc_column_text css_animation=&#8221;none&#8221; css=&#8221;.vc_custom_1772443458601{margin-bottom: 64px !important;}&#8221; el_class=&#8221;text-block&#8221;] J\u00e4hrlicher Vereinsbeitrag Kinder und Jugendliche unter 18 Jahren 50,00 \u20ac Erwachsene 85,00 \u20ac Familien [&hellip;]<\/p>\n","protected":false},"author":1,"featured_media":0,"parent":0,"menu_order":0,"comment_status":"closed","ping_status":"closed","template":"","meta":{"footnotes":""},"class_list":["post-1116","page","type-page","status-publish","hentry"],"aioseo_notices":[],"_links":{"self":[{"href":"https:\/\/tvflein.de\/index.php?rest_route=\/wp\/v2\/pages\/1116","targetHints":{"allow":["GET"]}}],"collection":[{"href":"https:\/\/tvflein.de\/index.php?rest_route=\/wp\/v2\/pages"}],"about":[{"href":"https:\/\/tvflein.de\/index.php?rest_route=\/wp\/v2\/types\/page"}],"author":[{"embeddable":true,"href":"https:\/\/tvflein.de\/index.php?rest_route=\/wp\/v2\/users\/1"}],"replies":[{"embeddable":true,"href":"https:\/\/tvflein.de\/index.php?rest_route=%2Fwp%2Fv2%2Fcomments&post=1116"}],"version-history":[{"count":30,"href":"https:\/\/tvflein.de\/index.php?rest_route=\/wp\/v2\/pages\/1116\/revisions"}],"predecessor-version":[{"id":1465,"href":"https:\/\/tvflein.de\/index.php?rest_route=\/wp\/v2\/pages\/1116\/revisions\/1465"}],"wp:attachment":[{"href":"https:\/\/tvflein.de\/index.php?rest_route=%2Fwp%2Fv2%2Fmedia&parent=1116"}],"curies":[{"name":"wp","href":"https:\/\/api.w.org\/{rel}","templated":true}]}}