{"id":910,"date":"2019-02-09T12:13:23","date_gmt":"2019-02-09T11:13:23","guid":{"rendered":"http:\/\/tvflein.web7.s307.goserver.host\/2019\/?page_id=910"},"modified":"2019-03-12T15:56:58","modified_gmt":"2019-03-12T14:56:58","slug":"handball","status":"publish","type":"page","link":"https:\/\/tvflein.de\/?page_id=910","title":{"rendered":"Handball"},"content":{"rendered":"<div class=\"wpb-content-wrapper\"><p>[vc_row bg_image_position=&#8221;bg-image-ps-top&#8221; css=&#8221;.vc_custom_1550590028873{padding-top: 130px !important;padding-bottom: 60px !important;background-position: 0 0 !important;background-repeat: no-repeat !important;}&#8221;][vc_column][vc_row_inner content_placement=&#8221;middle&#8221;][vc_column_inner width=&#8221;1\/2&#8243; offset=&#8221;vc_col-sm-offset-0&#8243;][vc_single_image image=&#8221;1070&#8243; img_size=&#8221;full&#8221;][\/vc_column_inner][vc_column_inner width=&#8221;1\/2&#8243; offset=&#8221;vc_col-lg-offset-1 vc_col-lg-5 vc_col-md-offset-1 vc_col-md-5&#8243;][ct_heading text=&#8221;Handball&#8221; font_size_md=&#8221;48&#8243; font_size_sm=&#8221;36&#8243; font_size_xs=&#8221;32&#8243; font_weight=&#8221;&#8221; subtitle=&#8221;Abteilung&#8221; margin_bottom=&#8221;36&#8243;][vc_column_text css_animation=&#8221;fadeInLeft&#8221; el_class=&#8221;text-block&#8221;]Gegr\u00fcndet 1936, ist die Handballabteilung seit Jahrzehnten eine Handball-Hochburg im Bezirk. Seit den 70er Jahren hat die Jugendarbeit einen sehr hohen Stellenwert, regelm\u00e4\u00dfig k\u00f6nnen wir Jugend-Mannschaften h\u00f6herklassig einsetzen und immer wieder werden Spieler in die Verbandskader berufen. H\u00f6hepunkt ist bislang, dass die m\u00e4nnliche A-Jugend im Spieljahr 2012\/13 Bundesliga spielen durfte. Sehr positiv wirkt sich dies auch auf die aktiven Mannschaften aus. Die ersten Herren- und Damen-Teams bieten seit vielen Jahren auf Verbandsebene attraktiven Sport, der zu Heimspielen oft bis zu 500, bei Spitzenspielen deutlich mehr Zuschauer in die Sandberghalle lockt. Wir sind dankbar, dass wir mit dieser und der vereinseige\u00acnen Trainingshalle eine sehr gute Raumsituation vorfinden und von vielen Helfern beim Erreichen unserer sportlichen Ziele unterst\u00fctzt werden.[\/vc_column_text][vc_message style=&#8221;square&#8221; message_box_color=&#8221;grey&#8221; css_animation=&#8221;fadeInDown&#8221;]Die Abteilung Handball betreibt eine eigenst\u00e4ndige Internetseite.<br \/>\nDiese finden Sie unter\u00a0<a href=\"http:\/\/www.tv-flein.de\/\" target=\"_blank\" rel=\"noopener noreferrer\">www.tv-flein.de<\/a>.[\/vc_message][\/vc_column_inner][\/vc_row_inner][\/vc_column][\/vc_row][vc_row full_width=&#8221;stretch_row&#8221; parallax=&#8221;content-moving&#8221; parallax_image=&#8221;924&#8243; ct_row_class=&#8221;row-bg-gradient-overlay&#8221; el_class=&#8221;z-index-0&#8243;][vc_column css=&#8221;.vc_custom_1549385029360{padding-top: 160px !important;padding-bottom: 160px !important;}&#8221;][ct_angled angled_pos=&#8221;bottom&#8221;][ct_angled][ct_heading text=&#8221;Abteilung Handball&#8221; align_lg=&#8221;align-center&#8221; align_md=&#8221;align-center-md&#8221; align_sm=&#8221;align-center-sm&#8221; align_xs=&#8221;align-center-xs&#8221; font_size_md=&#8221;48&#8243; font_size_sm=&#8221;36&#8243; font_size_xs=&#8221;32&#8243; font_weight=&#8221;&#8221; text_color=&#8221;#ffffff&#8221; subtitle=&#8221;Ansprechpartner&#8221; subtitle_color=&#8221;#ffffff&#8221;][vc_row_inner equal_height=&#8221;yes&#8221; content_placement=&#8221;middle&#8221; css=&#8221;.vc_custom_1549707039036{margin-top: 36px !important;}&#8221;][vc_column_inner width=&#8221;2\/12&#8243;][\/vc_column_inner][vc_column_inner width=&#8221;1\/3&#8243; css=&#8221;.vc_custom_1549713493067{background-color: #ffffff !important;}&#8221; offset=&#8221;vc_col-sm-offset-0 vc_col-xs-offset-1 vc_col-xs-10&#8243;][vc_single_image image=&#8221;874&#8243; alignment=&#8221;center&#8221; el_class=&#8221;rounded-circle&#8221; css=&#8221;.vc_custom_1549713554086{padding-right: 72px !important;padding-left: 72px !important;}&#8221;][\/vc_column_inner][vc_column_inner width=&#8221;1\/3&#8243; css=&#8221;.vc_custom_1549707163343{padding-top: 36px !important;padding-bottom: 36px !important;background-color: #ffffff !important;}&#8221; offset=&#8221;vc_col-sm-offset-0 vc_col-xs-offset-1 vc_col-xs-10&#8243;][ct_heading text=&#8221;Ralf Pitzke&#8221; tag=&#8221;div&#8221; font_weight=&#8221;&#8221; subtitle=&#8221;Abteilungsleiter Handball&#8221; subtitle_style=&#8221;style2&#8243;][vc_column_text css_animation=&#8221;fadeInRight&#8221; el_class=&#8221;text-block&#8221;]Theodor-Heuss-Str. 67<br \/>\n74223 Flein<\/p>\n<p>Tel. 0171 5644966<br \/>\nE-Mail <a href=\"mailto:pitzke@tvflein.de\">pitzke@tvflein.de<\/a>[\/vc_column_text][\/vc_column_inner][vc_column_inner width=&#8221;2\/12&#8243;][\/vc_column_inner][\/vc_row_inner][\/vc_column][\/vc_row][vc_row][vc_column][vc_row_inner css=&#8221;.vc_custom_1549388745819{margin-top: 54px !important;}&#8221;][vc_column_inner][ct_heading text=&#8221;Unsere weiteren Abteilungen&#8221; align_lg=&#8221;align-center&#8221; align_md=&#8221;align-center-md&#8221; align_sm=&#8221;align-center-sm&#8221; align_xs=&#8221;align-center-xs&#8221; font_size_md=&#8221;48&#8243; font_size_sm=&#8221;36&#8243; font_size_xs=&#8221;32&#8243; font_weight=&#8221;&#8221; margin_bottom=&#8221;36&#8243;][vc_basic_grid post_type=&#8221;ids&#8221; style=&#8221;load-more&#8221; items_per_page=&#8221;4&#8243; element_width=&#8221;3&#8243; item=&#8221;906&#8243; grid_id=&#8221;vc_gid:1550587806565-57118fbb-6ecc-4&#8243; include=&#8221;843, 912, 938, 940&#8243; css=&#8221;.vc_custom_1549714397499{margin-top: 36px !important;}&#8221;][\/vc_column_inner][\/vc_row_inner][\/vc_column][\/vc_row]<\/p>\n<\/div>","protected":false},"excerpt":{"rendered":"<p>[vc_row bg_image_position=&#8221;bg-image-ps-top&#8221; css=&#8221;.vc_custom_1550590028873{padding-top: 130px !important;padding-bottom: 60px !important;background-position: 0 0 !important;background-repeat: no-repeat !important;}&#8221;][vc_column][vc_row_inner content_placement=&#8221;middle&#8221;][vc_column_inner width=&#8221;1\/2&#8243; offset=&#8221;vc_col-sm-offset-0&#8243;][vc_single_image image=&#8221;1070&#8243; img_size=&#8221;full&#8221;][\/vc_column_inner][vc_column_inner width=&#8221;1\/2&#8243; offset=&#8221;vc_col-lg-offset-1 vc_col-lg-5 vc_col-md-offset-1 vc_col-md-5&#8243;][ct_heading text=&#8221;Handball&#8221; font_size_md=&#8221;48&#8243; font_size_sm=&#8221;36&#8243; font_size_xs=&#8221;32&#8243; font_weight=&#8221;&#8221; subtitle=&#8221;Abteilung&#8221; margin_bottom=&#8221;36&#8243;][vc_column_text css_animation=&#8221;fadeInLeft&#8221; el_class=&#8221;text-block&#8221;]Gegr\u00fcndet 1936, ist die Handballabteilung seit Jahrzehnten eine Handball-Hochburg im Bezirk. Seit den 70er Jahren hat die Jugendarbeit einen sehr hohen Stellenwert, regelm\u00e4\u00dfig k\u00f6nnen wir [&hellip;]<\/p>\n","protected":false},"author":1,"featured_media":1070,"parent":0,"menu_order":-8,"comment_status":"closed","ping_status":"closed","template":"","meta":{"footnotes":""},"class_list":["post-910","page","type-page","status-publish","has-post-thumbnail","hentry"],"aioseo_notices":[],"_links":{"self":[{"href":"https:\/\/tvflein.de\/index.php?rest_route=\/wp\/v2\/pages\/910","targetHints":{"allow":["GET"]}}],"collection":[{"href":"https:\/\/tvflein.de\/index.php?rest_route=\/wp\/v2\/pages"}],"about":[{"href":"https:\/\/tvflein.de\/index.php?rest_route=\/wp\/v2\/types\/page"}],"author":[{"embeddable":true,"href":"https:\/\/tvflein.de\/index.php?rest_route=\/wp\/v2\/users\/1"}],"replies":[{"embeddable":true,"href":"https:\/\/tvflein.de\/index.php?rest_route=%2Fwp%2Fv2%2Fcomments&post=910"}],"version-history":[{"count":21,"href":"https:\/\/tvflein.de\/index.php?rest_route=\/wp\/v2\/pages\/910\/revisions"}],"predecessor-version":[{"id":1221,"href":"https:\/\/tvflein.de\/index.php?rest_route=\/wp\/v2\/pages\/910\/revisions\/1221"}],"wp:featuredmedia":[{"embeddable":true,"href":"https:\/\/tvflein.de\/index.php?rest_route=\/wp\/v2\/media\/1070"}],"wp:attachment":[{"href":"https:\/\/tvflein.de\/index.php?rest_route=%2Fwp%2Fv2%2Fmedia&parent=910"}],"curies":[{"name":"wp","href":"https:\/\/api.w.org\/{rel}","templated":true}]}}