{"id":912,"date":"2019-02-09T12:13:52","date_gmt":"2019-02-09T11:13:52","guid":{"rendered":"http:\/\/tvflein.web7.s307.goserver.host\/2019\/?page_id=912"},"modified":"2019-03-05T22:53:01","modified_gmt":"2019-03-05T21:53:01","slug":"judo","status":"publish","type":"page","link":"https:\/\/tvflein.de\/?page_id=912","title":{"rendered":"Judo"},"content":{"rendered":"<div class=\"wpb-content-wrapper\"><p>[vc_row content_placement=&#8221;middle&#8221; bg_image_position=&#8221;bg-image-ps-top&#8221; css=&#8221;.vc_custom_1550590257137{padding-top: 130px !important;padding-bottom: 60px !important;background-position: center !important;background-repeat: no-repeat !important;background-size: contain !important;}&#8221;][vc_column][vc_row_inner content_placement=&#8221;middle&#8221;][vc_column_inner width=&#8221;1\/2&#8243; offset=&#8221;vc_col-lg-5&#8243;][ct_heading text=&#8221;Judo&#8221; font_size_md=&#8221;48&#8243; font_size_sm=&#8221;36&#8243; font_size_xs=&#8221;32&#8243; font_weight=&#8221;&#8221; subtitle=&#8221;Abteilung&#8221; margin_bottom=&#8221;36&#8243;][vc_column_text css_animation=&#8221;fadeInLeft&#8221; el_class=&#8221;text-block&#8221;]Die j\u00fcngste Abeilung im TV Flein feierte 2018 ihr 40-j\u00e4hriges Bestehen. Auf ein vielseitiges Angebot rund um die Sportart Judo wird besonders geachtet. Ob Family-Gruppe (f\u00fcr Kinder ab drei Jahren mit Eltern), Kinder- und Jugendgruppen oder auch Judo f\u00fcr erwachsene Einsteiger oder Fortgeschrittene, es wird viel geboten.<\/p>\n<p>Ferner k\u00e4mpfen die Fleiner Judoka regelm\u00e4\u00dfig in Einzel- oder Teamwettbewerben auf Bezirks-, Landes- oder auch S\u00fcddeutscher Ebene erfolgreich mit.<\/p>\n<p>Trainingstage sind Montag, Dienstag und Freitag. Die Judoka trainieren in der Schulsporthalle direkt bei der Sankt-Veit-Schule.[\/vc_column_text][vc_single_image image=&#8221;929&#8243; onclick=&#8221;custom_link&#8221; img_link_target=&#8221;_blank&#8221; css_animation=&#8221;fadeInLeft&#8221; link=&#8221;https:\/\/www.fleiner-judoka.de\/&#8221;][vc_message style=&#8221;square&#8221; message_box_color=&#8221;grey&#8221; css_animation=&#8221;fadeInDown&#8221;]Die Abteilung Judo betreibt eine eigenst\u00e4ndige Internetseite. Diese finden Sie unter\u00a0<a href=\"http:\/\/www.fleiner-judoka.de\/\" target=\"_blank\" rel=\"noopener\">www.fleiner-judoka.de<\/a>.[\/vc_message][\/vc_column_inner][vc_column_inner width=&#8221;1\/2&#8243; offset=&#8221;vc_col-lg-offset-2 vc_col-lg-5 vc_col-md-offset-1 vc_col-md-5 vc_col-sm-offset-0&#8243;][vc_single_image image=&#8221;1071&#8243; img_size=&#8221;full&#8221; alignment=&#8221;right&#8221;][\/vc_column_inner][\/vc_row_inner][\/vc_column][\/vc_row][vc_row full_width=&#8221;stretch_row&#8221; parallax=&#8221;content-moving&#8221; parallax_image=&#8221;924&#8243; ct_row_class=&#8221;row-bg-gradient-overlay&#8221; el_class=&#8221;z-index-0&#8243;][vc_column css=&#8221;.vc_custom_1549385029360{padding-top: 160px !important;padding-bottom: 160px !important;}&#8221;][ct_angled angled_pos=&#8221;bottom&#8221;][ct_angled][ct_heading text=&#8221;Abteilung Judo&#8221; align_lg=&#8221;align-center&#8221; align_md=&#8221;align-center-md&#8221; align_sm=&#8221;align-center-sm&#8221; align_xs=&#8221;align-center-xs&#8221; font_size_md=&#8221;48&#8243; font_size_sm=&#8221;36&#8243; font_size_xs=&#8221;32&#8243; font_weight=&#8221;&#8221; text_color=&#8221;#ffffff&#8221; subtitle=&#8221;Ansprechpartner&#8221; subtitle_color=&#8221;#ffffff&#8221;][vc_row_inner equal_height=&#8221;yes&#8221; content_placement=&#8221;middle&#8221; css=&#8221;.vc_custom_1549707039036{margin-top: 36px !important;}&#8221;][vc_column_inner width=&#8221;2\/12&#8243;][\/vc_column_inner][vc_column_inner width=&#8221;1\/3&#8243; css=&#8221;.vc_custom_1549707156194{background-color: #ffffff !important;}&#8221; offset=&#8221;vc_col-sm-offset-0 vc_col-xs-offset-1 vc_col-xs-10&#8243;][vc_single_image image=&#8221;875&#8243; css=&#8221;.vc_custom_1549713569326{padding-right: 72px !important;padding-left: 72px !important;}&#8221;][\/vc_column_inner][vc_column_inner width=&#8221;1\/3&#8243; css=&#8221;.vc_custom_1549707163343{padding-top: 36px !important;padding-bottom: 36px !important;background-color: #ffffff !important;}&#8221; offset=&#8221;vc_col-sm-offset-0 vc_col-xs-offset-1 vc_col-xs-10&#8243;][ct_heading text=&#8221;Reiner Pimpl&#8221; tag=&#8221;div&#8221; font_weight=&#8221;&#8221; subtitle=&#8221;Abteilungsleiter<br \/>\nJudo&#8221; subtitle_style=&#8221;style2&#8243;][vc_column_text css_animation=&#8221;fadeInRight&#8221; el_class=&#8221;text-block&#8221;]Haigernstra\u00dfe 4<br \/>\n74223 Flein<\/p>\n<p>Tel. 07131 2798254<br \/>\nE-Mail <a href=\"mailto:pimpl@tvflein.de\">pimpl@tvflein.de<\/a>[\/vc_column_text][\/vc_column_inner][vc_column_inner width=&#8221;2\/12&#8243;][\/vc_column_inner][\/vc_row_inner][\/vc_column][\/vc_row][vc_row][vc_column][vc_row_inner css=&#8221;.vc_custom_1549388745819{margin-top: 54px !important;}&#8221;][vc_column_inner][ct_heading text=&#8221;Unsere weiteren Abteilungen&#8221; align_lg=&#8221;align-center&#8221; align_md=&#8221;align-center-md&#8221; align_sm=&#8221;align-center-sm&#8221; align_xs=&#8221;align-center-xs&#8221; font_size_md=&#8221;48&#8243; font_size_sm=&#8221;36&#8243; font_size_xs=&#8221;32&#8243; font_weight=&#8221;&#8221; margin_bottom=&#8221;36&#8243;][vc_basic_grid post_type=&#8221;ids&#8221; style=&#8221;load-more&#8221; items_per_page=&#8221;4&#8243; element_width=&#8221;3&#8243; item=&#8221;906&#8243; grid_id=&#8221;vc_gid:1551822750168-ed79f9f8-08e6-8&#8243; include=&#8221;843, 910, 938, 940&#8243; css=&#8221;.vc_custom_1549714367534{margin-top: 36px !important;}&#8221;][\/vc_column_inner][\/vc_row_inner][\/vc_column][\/vc_row]<\/p>\n<\/div>","protected":false},"excerpt":{"rendered":"<p>[vc_row content_placement=&#8221;middle&#8221; bg_image_position=&#8221;bg-image-ps-top&#8221; css=&#8221;.vc_custom_1550590257137{padding-top: 130px !important;padding-bottom: 60px !important;background-position: center !important;background-repeat: no-repeat !important;background-size: contain !important;}&#8221;][vc_column][vc_row_inner content_placement=&#8221;middle&#8221;][vc_column_inner width=&#8221;1\/2&#8243; offset=&#8221;vc_col-lg-5&#8243;][ct_heading text=&#8221;Judo&#8221; font_size_md=&#8221;48&#8243; font_size_sm=&#8221;36&#8243; font_size_xs=&#8221;32&#8243; font_weight=&#8221;&#8221; subtitle=&#8221;Abteilung&#8221; margin_bottom=&#8221;36&#8243;][vc_column_text css_animation=&#8221;fadeInLeft&#8221; el_class=&#8221;text-block&#8221;]Die j\u00fcngste Abeilung im TV Flein feierte 2018 ihr 40-j\u00e4hriges Bestehen. Auf ein vielseitiges Angebot rund um die Sportart Judo wird besonders geachtet. Ob Family-Gruppe (f\u00fcr Kinder ab drei Jahren [&hellip;]<\/p>\n","protected":false},"author":1,"featured_media":1071,"parent":0,"menu_order":-7,"comment_status":"closed","ping_status":"closed","template":"","meta":{"footnotes":""},"class_list":["post-912","page","type-page","status-publish","has-post-thumbnail","hentry"],"aioseo_notices":[],"_links":{"self":[{"href":"https:\/\/tvflein.de\/index.php?rest_route=\/wp\/v2\/pages\/912","targetHints":{"allow":["GET"]}}],"collection":[{"href":"https:\/\/tvflein.de\/index.php?rest_route=\/wp\/v2\/pages"}],"about":[{"href":"https:\/\/tvflein.de\/index.php?rest_route=\/wp\/v2\/types\/page"}],"author":[{"embeddable":true,"href":"https:\/\/tvflein.de\/index.php?rest_route=\/wp\/v2\/users\/1"}],"replies":[{"embeddable":true,"href":"https:\/\/tvflein.de\/index.php?rest_route=%2Fwp%2Fv2%2Fcomments&post=912"}],"version-history":[{"count":13,"href":"https:\/\/tvflein.de\/index.php?rest_route=\/wp\/v2\/pages\/912\/revisions"}],"predecessor-version":[{"id":1211,"href":"https:\/\/tvflein.de\/index.php?rest_route=\/wp\/v2\/pages\/912\/revisions\/1211"}],"wp:featuredmedia":[{"embeddable":true,"href":"https:\/\/tvflein.de\/index.php?rest_route=\/wp\/v2\/media\/1071"}],"wp:attachment":[{"href":"https:\/\/tvflein.de\/index.php?rest_route=%2Fwp%2Fv2%2Fmedia&parent=912"}],"curies":[{"name":"wp","href":"https:\/\/api.w.org\/{rel}","templated":true}]}}