{"id":940,"date":"2019-02-09T13:01:06","date_gmt":"2019-02-09T12:01:06","guid":{"rendered":"http:\/\/tvflein.web7.s307.goserver.host\/2019\/?page_id=940"},"modified":"2026-03-09T11:30:32","modified_gmt":"2026-03-09T10:30:32","slug":"turnen","status":"publish","type":"page","link":"https:\/\/tvflein.de\/?page_id=940","title":{"rendered":"Turnen"},"content":{"rendered":"<div class=\"wpb-content-wrapper\"><p>[vc_row bg_image_position=&#8221;bg-image-ps-top&#8221; css=&#8221;.vc_custom_1550590480758{padding-top: 130px !important;padding-bottom: 160px !important;background-position: center !important;background-repeat: no-repeat !important;background-size: contain !important;}&#8221;][vc_column][vc_row_inner content_placement=&#8221;middle&#8221;][vc_column_inner width=&#8221;1\/2&#8243; offset=&#8221;vc_col-sm-offset-0&#8243;][vc_single_image image=&#8221;1073&#8243; img_size=&#8221;full&#8221; alignment=&#8221;right&#8221;][\/vc_column_inner][vc_column_inner width=&#8221;1\/2&#8243; offset=&#8221;vc_col-lg-offset-1 vc_col-lg-5 vc_col-md-offset-1 vc_col-md-5&#8243;][ct_heading text=&#8221;Turnen&#8221; font_size_md=&#8221;48&#8243; font_size_sm=&#8221;36&#8243; font_size_xs=&#8221;32&#8243; font_weight=&#8221;&#8221; subtitle=&#8221;Abteilung&#8221; margin_bottom=&#8221;36&#8243;][vc_column_text css_animation=&#8221;fadeInLeft&#8221; el_class=&#8221;text-block&#8221;]<\/p>\n<h4>Turnen ist die Kinderstube des Sports<\/h4>\n<p>\u00dcber 70 Prozent aller Kinder machen ihre ersten sportlichen Schritte in den Kinderturnstunden. Hier lernen sie nicht nur auf dem Schwebebalken zu balancieren oder ein Rad zu schlagen, sondern auch viele Eigenschaften, die sie bei der Entwicklung zu starken Pers\u00f6nlichkeiten unterst\u00fctzen. Man lernt, anderen zu vertrauen und miteinander Konflikte zu l\u00f6sen, entwickelt Teamgeist, erf\u00e4hrt Lob und Anerkennung und erlebt Erfolge und Misserfolge \u2013 all das f\u00f6rdert den Charakter und das Selbstbewusstsein. Den Spa\u00df nicht zu vergessen, den die Kinder bei jeglicher Bewegung haben.<\/p>\n<p>Der TV Flein, Abteilung Turnen, bietet bereits f\u00fcr Kinder ab dem ersten Lebensjahr, in Begleitung eines Erwachsenen, ein \u201eTeddy-Turnen\u201c an. Jeweils zum Beginn des neuen Schuljahres kann dann in die n\u00e4chste Gruppe gewechselt werden. Oder es findet ein Wechsel in eine der anderen Abteilungen des TV Flein statt.<\/p>\n<p>Nicht nur f\u00fcr Kinder, sondern auch f\u00fcr Erwachsene, hat der Verein was zu bieten. Sehen Sie auf unserer \u00dcbersichtsliste, was wann wo stattfindet.[\/vc_column_text][\/vc_column_inner][\/vc_row_inner][\/vc_column][\/vc_row][vc_row full_width=&#8221;stretch_row&#8221; parallax=&#8221;content-moving&#8221; parallax_image=&#8221;950&#8243; el_class=&#8221;z-index-0&#8243; css=&#8221;.vc_custom_1549716170204{padding-top: 100px !important;padding-bottom: 100px !important;background-color: #eeeeee !important;}&#8221;][vc_column][ct_heading text=&#8221;Trainingsplan&#8221; align_lg=&#8221;align-center&#8221; align_md=&#8221;align-center-md&#8221; align_sm=&#8221;align-center-sm&#8221; align_xs=&#8221;align-center-xs&#8221; font_size_md=&#8221;48&#8243; font_size_sm=&#8221;36&#8243; font_size_xs=&#8221;32&#8243; font_weight=&#8221;&#8221; subtitle=&#8221;Turnen&#8221;][vc_row_inner equal_height=&#8221;yes&#8221; content_placement=&#8221;middle&#8221; css=&#8221;.vc_custom_1549716032034{margin-top: 36px !important;}&#8221;][vc_column_inner offset=&#8221;vc_col-sm-offset-0 vc_col-xs-offset-1 vc_col-xs-10&#8243;][vc_column_text css=&#8221;&#8221; el_class=&#8221;table-responsive&#8221;]<\/p>\n<table class=\"table table-striped table-hover\" width=\"100%\">\n<tbody>\n<tr class=\"\">\n<th>Gruppe Kinder<\/th>\n<th>Tag<\/th>\n<th>Uhrzeit<\/th>\n<th>Ort<\/th>\n<th>Leitung<\/th>\n<th>Kontakt<\/th>\n<\/tr>\n<tr class=\"\">\n<td>Turnen an Ger\u00e4ten (1. Klasse)<\/td>\n<td>Mo.<\/td>\n<td>16:15-17:15<\/td>\n<td>Sandberghalle<\/td>\n<td>Petra Schuster<\/td>\n<td>SchusterTVFlein@web.de<\/td>\n<\/tr>\n<tr class=\"\">\n<td>Turnen an Ger\u00e4ten (2. Klasse)<\/td>\n<td>Mo.<\/td>\n<td>17:15-18:15<\/td>\n<td>Sandberghalle<\/td>\n<td>Petra Schuster<\/td>\n<td>SchusterTVFlein@web.de<\/td>\n<\/tr>\n<tr class=\"\">\n<td>Eltern Kind Turnen (2-3 J\u00e4hrige)<\/td>\n<td>Di.<\/td>\n<td>14:00-15:15<\/td>\n<td>Schulturnhalle<\/td>\n<td>Drenushe Mulaj<\/td>\n<td>0174 8981893<\/td>\n<\/tr>\n<tr class=\"\">\n<td>Eltern Kind Turnen (1-2 J\u00e4hrige)<\/td>\n<td>Di.<\/td>\n<td>15:15-16:30<\/td>\n<td>Schulturnhalle<\/td>\n<td>Drenushe Mulaj<\/td>\n<td>0174 8981893<\/td>\n<\/tr>\n<tr class=\"\">\n<td>Eltern Kind Turnen (1-3 J\u00e4hrige)<\/td>\n<td>Mi.<\/td>\n<td>09:00-10:30<\/td>\n<td>Sandberghalle<\/td>\n<td>Christina Lamminger<\/td>\n<td>0176 60148523<\/td>\n<\/tr>\n<tr class=\"\">\n<td>Turnen ab 4 Jahren<\/td>\n<td>Mi.<\/td>\n<td>14:00-15:00<\/td>\n<td>Schulturnhalle<\/td>\n<td>Inna Denning<\/td>\n<td>0157 78672169<\/td>\n<\/tr>\n<tr class=\"\">\n<td>Turnen 4 &#8211; 6 J\u00e4hrige<\/td>\n<td>Mi.<\/td>\n<td>15:00-16:00<\/td>\n<td>Schulturnhalle<\/td>\n<td>Christina Lamminger<\/td>\n<td>0176 60148523<\/td>\n<\/tr>\n<tr class=\"\">\n<td>Turnen 3. &#8211; 5. Klasse<\/td>\n<td>Mi.<\/td>\n<td>17:45-19:00<\/td>\n<td>Schulturnhalle<\/td>\n<td>Patricia Esslinger<\/td>\n<td>0173 7723571<\/td>\n<\/tr>\n<tr class=\"\">\n<td>Eltern Kind Turnen 2 &#8211; 3 Jahren<\/td>\n<td>Do.<\/td>\n<td>14:00-15:30<\/td>\n<td>Sandberghalle<\/td>\n<td>Christina Lamminger<\/td>\n<td>0176 60148523<\/td>\n<\/tr>\n<tr class=\"\">\n<td>Eltern Kind Turnen 3 &#8211; 4 Jahren<\/td>\n<td>Do.<\/td>\n<td>15:30-17:00<\/td>\n<td>Sandberghalle<\/td>\n<td>Nicola G\u00f6bel<\/td>\n<td>0152 0412 1907<\/td>\n<\/tr>\n<tr class=\"\">\n<td>Eltern Kind Turnen 3 &#8211; 4 Jahren<\/td>\n<td>Fr.<\/td>\n<td>14:00-15:00<\/td>\n<td>Sandberghalle<\/td>\n<td>Karen Hillen<\/td>\n<td>0176 2123 3183<\/td>\n<\/tr>\n<tr class=\"\">\n<td>Turnen 4-6 J\u00e4hrige<\/td>\n<td>Fr.<\/td>\n<td>15:30-16:30<\/td>\n<td>Sandberghalle<\/td>\n<td>Inna Denning<\/td>\n<td>0157 7867 2169<\/td>\n<\/tr>\n<\/tbody>\n<\/table>\n<div><\/div>\n<p>[\/vc_column_text][vc_column_text css=&#8221;&#8221; el_class=&#8221;table-responsive&#8221;]<\/p>\n<table class=\"table table-striped table-hover\" width=\"100%\">\n<tbody>\n<tr class=\"\">\n<th>Gruppe Erwachsene<\/th>\n<th>Tag<\/th>\n<th>Uhrzeit<\/th>\n<th>Ort<\/th>\n<th>Leitung<\/th>\n<th>Kontakt<\/th>\n<\/tr>\n<tr class=\"\">\n<td>Body-Workout<\/td>\n<td>Mo.<\/td>\n<td>19:00-20:00<\/td>\n<td>Schulturnhalle<\/td>\n<td>\u00dcbungsleiterinnen<\/td>\n<td>&#8211;<\/td>\n<\/tr>\n<tr class=\"\">\n<td>Power-Mix-Aerobic<\/td>\n<td>Mo.<\/td>\n<td>20:00-21:00<\/td>\n<td>Schulturnhalle<\/td>\n<td>im Wechsel<\/td>\n<td>&#8211;<\/td>\n<\/tr>\n<tr class=\"\">\n<td>Walking und Gymnastik<\/td>\n<td>Mi.<\/td>\n<td>19:30-21:00<\/td>\n<td>Sandberghalle<br \/>\nGymnastikraum<\/td>\n<td>Alexandra Wei\u00df<\/td>\n<td>07133\u00a01831302<\/td>\n<\/tr>\n<tr class=\"\">\n<td>Damengymnastik<\/td>\n<td>Do.<\/td>\n<td>08:30-09:30<\/td>\n<td>Sandberghalle<\/td>\n<td>Monika Schaber<\/td>\n<td>07131 571153<\/td>\n<\/tr>\n<tr class=\"\">\n<td>Damengymnastik<\/td>\n<td>Do.<\/td>\n<td>09:30-10:30<\/td>\n<td>Sandberghalle<\/td>\n<td>Monika Schaber<\/td>\n<td>07131\u00a0571153<\/td>\n<\/tr>\n<tr class=\"\">\n<td>\n<p>Physiolates (Kraft, Beweglichkeit, Balance)<\/p>\n<p>Kursgeb\u00fchren\u00a0 25 EUR\/10 Std<\/p>\n<p>Anmeldung bei Heike Vogel\u00a0\u00a0\u00a0\u00a0\u00a0\u00a0\u00a0\u00a0 07131 579623<\/td>\n<td>Fr.<\/td>\n<td>09:00-10:00<\/td>\n<td>Sandberghalle<br \/>\nGymnastikraum<\/td>\n<td>Inna Denning<\/td>\n<td>0157 78672169<\/td>\n<\/tr>\n<tr class=\"\">\n<td>\n<p>Physiolates (Kraft, Beweglichkeit, Balance)<\/p>\n<p>Kursgeb\u00fchren\u00a0 25 EUR\/10 Std<\/p>\n<p>Anmeldung bei Heike Vogel\u00a0\u00a0\u00a0\u00a0\u00a0\u00a0\u00a0\u00a0 07131 579623<\/p>\n<p>&nbsp;<\/td>\n<td>Fr.<\/td>\n<td>10:00-11:00<\/td>\n<td>Sandberghalle<br \/>\nGymnastikraum<\/td>\n<td>Inna Denning<\/td>\n<td>0157 78672169<\/td>\n<\/tr>\n<\/tbody>\n<\/table>\n<p>&nbsp;<\/p>\n<p>&nbsp;[\/vc_column_text][\/vc_column_inner][\/vc_row_inner][\/vc_column][\/vc_row][vc_row full_width=&#8221;stretch_row&#8221; parallax=&#8221;content-moving&#8221; parallax_image=&#8221;924&#8243; ct_row_class=&#8221;row-bg-gradient-overlay&#8221; el_class=&#8221;z-index-0&#8243;][vc_column css=&#8221;.vc_custom_1549385029360{padding-top: 160px !important;padding-bottom: 160px !important;}&#8221;][ct_angled angled_pos=&#8221;bottom&#8221; angled_color=&#8221;#ffffff&#8221;][ct_angled angled_color=&#8221;#ebebeb&#8221;][ct_heading text=&#8221;Abteilung Turnen&#8221; align_lg=&#8221;align-center&#8221; align_md=&#8221;align-center-md&#8221; align_sm=&#8221;align-center-sm&#8221; align_xs=&#8221;align-center-xs&#8221; font_size_md=&#8221;48&#8243; font_size_sm=&#8221;36&#8243; font_size_xs=&#8221;32&#8243; font_weight=&#8221;&#8221; text_color=&#8221;#ffffff&#8221; subtitle=&#8221;Ansprechpartner&#8221; subtitle_color=&#8221;#ffffff&#8221;][vc_row_inner equal_height=&#8221;yes&#8221; content_placement=&#8221;middle&#8221; css=&#8221;.vc_custom_1549707039036{margin-top: 36px !important;}&#8221;][vc_column_inner width=&#8221;2\/12&#8243;][\/vc_column_inner][vc_column_inner width=&#8221;1\/3&#8243; css=&#8221;.vc_custom_1549715265903{background-color: #ffffff !important;}&#8221; offset=&#8221;vc_col-sm-offset-0 vc_col-xs-offset-1 vc_col-xs-10&#8243;][vc_icon type=&#8221;entypo&#8221; icon_entypo=&#8221;entypo-icon entypo-icon-user&#8221; color=&#8221;white&#8221; background_style=&#8221;rounded&#8221; size=&#8221;xl&#8221; align=&#8221;center&#8221; css_animation=&#8221;fadeInLeft&#8221;][\/vc_column_inner][vc_column_inner width=&#8221;1\/3&#8243; css=&#8221;.vc_custom_1549715431429{background-color: #ffffff !important;}&#8221;][ct_heading text=&#8221;Turnverein Flein 1895 e.V.&#8221; tag=&#8221;div&#8221; font_weight=&#8221;&#8221; subtitle=&#8221;Abteilung Turnen&#8221; subtitle_style=&#8221;style2&#8243;][vc_column_text css_animation=&#8221;fadeInRight&#8221; el_class=&#8221;text-block&#8221;]Talheimer Str.<br \/>\n74223 Flein[\/vc_column_text][\/vc_column_inner][vc_column_inner width=&#8221;2\/12&#8243;][\/vc_column_inner][\/vc_row_inner][\/vc_column][\/vc_row][vc_row][vc_column][vc_row_inner css=&#8221;.vc_custom_1549388745819{margin-top: 54px !important;}&#8221;][vc_column_inner][ct_heading text=&#8221;Unsere weiteren Abteilungen&#8221; align_lg=&#8221;align-center&#8221; align_md=&#8221;align-center-md&#8221; align_sm=&#8221;align-center-sm&#8221; align_xs=&#8221;align-center-xs&#8221; font_size_md=&#8221;48&#8243; font_size_sm=&#8221;36&#8243; font_size_xs=&#8221;32&#8243; font_weight=&#8221;&#8221; margin_bottom=&#8221;36&#8243;][vc_basic_grid post_type=&#8221;ids&#8221; style=&#8221;load-more&#8221; items_per_page=&#8221;4&#8243; element_width=&#8221;3&#8243; item=&#8221;906&#8243; css=&#8221;.vc_custom_1549714204291{margin-top: 36px !important;}&#8221; grid_id=&#8221;vc_gid:1773052167872-7bc839d30bec84d19f2b3c00eaf124e2-10&#8243; include=&#8221;843, 910, 912, 938&#8243;][\/vc_column_inner][\/vc_row_inner][\/vc_column][\/vc_row]<\/p>\n<\/div>","protected":false},"excerpt":{"rendered":"<p>[vc_row bg_image_position=&#8221;bg-image-ps-top&#8221; css=&#8221;.vc_custom_1550590480758{padding-top: 130px !important;padding-bottom: 160px !important;background-position: center !important;background-repeat: no-repeat !important;background-size: contain !important;}&#8221;][vc_column][vc_row_inner content_placement=&#8221;middle&#8221;][vc_column_inner width=&#8221;1\/2&#8243; offset=&#8221;vc_col-sm-offset-0&#8243;][vc_single_image image=&#8221;1073&#8243; img_size=&#8221;full&#8221; alignment=&#8221;right&#8221;][\/vc_column_inner][vc_column_inner width=&#8221;1\/2&#8243; offset=&#8221;vc_col-lg-offset-1 vc_col-lg-5 vc_col-md-offset-1 vc_col-md-5&#8243;][ct_heading text=&#8221;Turnen&#8221; font_size_md=&#8221;48&#8243; font_size_sm=&#8221;36&#8243; font_size_xs=&#8221;32&#8243; font_weight=&#8221;&#8221; subtitle=&#8221;Abteilung&#8221; margin_bottom=&#8221;36&#8243;][vc_column_text css_animation=&#8221;fadeInLeft&#8221; el_class=&#8221;text-block&#8221;] Turnen ist die Kinderstube des Sports \u00dcber 70 Prozent aller Kinder machen ihre ersten sportlichen Schritte in den Kinderturnstunden. Hier lernen sie [&hellip;]<\/p>\n","protected":false},"author":1,"featured_media":1073,"parent":0,"menu_order":-5,"comment_status":"closed","ping_status":"closed","template":"","meta":{"footnotes":""},"class_list":["post-940","page","type-page","status-publish","has-post-thumbnail","hentry"],"aioseo_notices":[],"_links":{"self":[{"href":"https:\/\/tvflein.de\/index.php?rest_route=\/wp\/v2\/pages\/940","targetHints":{"allow":["GET"]}}],"collection":[{"href":"https:\/\/tvflein.de\/index.php?rest_route=\/wp\/v2\/pages"}],"about":[{"href":"https:\/\/tvflein.de\/index.php?rest_route=\/wp\/v2\/types\/page"}],"author":[{"embeddable":true,"href":"https:\/\/tvflein.de\/index.php?rest_route=\/wp\/v2\/users\/1"}],"replies":[{"embeddable":true,"href":"https:\/\/tvflein.de\/index.php?rest_route=%2Fwp%2Fv2%2Fcomments&post=940"}],"version-history":[{"count":54,"href":"https:\/\/tvflein.de\/index.php?rest_route=\/wp\/v2\/pages\/940\/revisions"}],"predecessor-version":[{"id":1466,"href":"https:\/\/tvflein.de\/index.php?rest_route=\/wp\/v2\/pages\/940\/revisions\/1466"}],"wp:featuredmedia":[{"embeddable":true,"href":"https:\/\/tvflein.de\/index.php?rest_route=\/wp\/v2\/media\/1073"}],"wp:attachment":[{"href":"https:\/\/tvflein.de\/index.php?rest_route=%2Fwp%2Fv2%2Fmedia&parent=940"}],"curies":[{"name":"wp","href":"https:\/\/api.w.org\/{rel}","templated":true}]}}